{"id":30998,"date":"2020-10-20T15:08:28","date_gmt":"2020-10-20T13:08:28","guid":{"rendered":"https:\/\/capvest.ch\/?page_id=30998"},"modified":"2023-01-12T10:01:58","modified_gmt":"2023-01-12T09:01:58","slug":"news","status":"publish","type":"page","link":"https:\/\/capvest.ch\/en\/news\/","title":{"rendered":"News"},"content":{"rendered":"<div class=\"fusion-fullwidth fullwidth-box fusion-builder-row-1 fusion-flex-container nonhundred-percent-fullwidth non-hundred-percent-height-scrolling\" style=\"--awb-border-radius-top-left:0px;--awb-border-radius-top-right:0px;--awb-border-radius-bottom-right:0px;--awb-border-radius-bottom-left:0px;--awb-background-color:#f2f2f2;--awb-flex-wrap:wrap;\" ><div class=\"fusion-builder-row fusion-row fusion-flex-align-items-flex-start fusion-flex-content-wrap\" style=\"max-width:1248px;margin-left: calc(-4% \/ 2 );margin-right: calc(-4% \/ 2 );\"><div class=\"fusion-layout-column fusion_builder_column fusion-builder-column-0 fusion_builder_column_1_1 1_1 fusion-flex-column\" style=\"--awb-bg-size:cover;--awb-width-large:100%;--awb-margin-top-large:0px;--awb-spacing-right-large:1.92%;--awb-margin-bottom-large:20px;--awb-spacing-left-large:1.92%;--awb-width-medium:100%;--awb-order-medium:0;--awb-spacing-right-medium:1.92%;--awb-spacing-left-medium:1.92%;--awb-width-small:100%;--awb-order-small:0;--awb-spacing-right-small:1.92%;--awb-spacing-left-small:1.92%;\"><div class=\"fusion-column-wrapper fusion-column-has-shadow fusion-flex-justify-content-flex-start fusion-content-layout-column\"><div class=\"fusion-title title fusion-title-1 fusion-sep-none fusion-title-text fusion-title-size-one\" style=\"--awb-margin-bottom:50px;--awb-margin-top-small:10px;--awb-margin-right-small:0px;--awb-margin-bottom-small:10px;--awb-margin-left-small:0px;\"><h1 class=\"fusion-title-heading title-heading-left\" style=\"margin:0;\">GROUP NEWS<\/h1><\/div><div class=\"fusion-blog-shortcode fusion-blog-shortcode-1 fusion-blog-archive fusion-blog-layout-grid-wrapper fusion-blog-infinite\"><style type=\"text\/css\">.fusion-blog-shortcode-1 .fusion-blog-layout-grid .fusion-post-grid{padding:20px;}.fusion-blog-shortcode-1 .fusion-posts-container{margin-left: -20px !important; margin-right:-20px !important;}<\/style><div class=\"fusion-posts-container fusion-posts-container-infinite fusion-blog-layout-grid fusion-blog-layout-grid-3 isotope\" data-pages=\"59\" data-grid-col-space=\"40\" style=\"margin: -20px -20px 0;min-height:500px;\"><article id=\"blog-1-post-45813\" class=\"fusion-post-grid post-45813 post type-post status-publish format-standard has-post-thumbnail hentry category-non-classe-en\">\n<div class=\"fusion-post-wrapper\" style=\"background-color:rgba(255,255,255,0);border:1px solid #f2f3f5;border-bottom-width:3px;\">\n\n\t\t\t<div class=\"fusion-flexslider flexslider fusion-flexslider-loading fusion-post-slideshow\" style=\"border-color:#f2f3f5;\">\n\t\t<ul class=\"slides\">\n\t\t\t\n\t\t\t\t\t\t\t\t\t\t\t\t\t\t<li><div  class=\"fusion-image-wrapper\" aria-haspopup=\"true\">\n\t\t\t\t\t\t\t<a href=\"https:\/\/capvest.ch\/en\/three-capvest-project-managers-obtain-immoenergie-certification\/\" aria-label=\"Three Capvest Project Managers Obtain Immo\u00e9nergie Certification\">\n\t\t\t\t\t\t\t<img decoding=\"async\" width=\"920\" height=\"682\" src=\"https:\/\/capvest.ch\/wp-content\/uploads\/2026\/03\/capvest-parc-des-crets-troinex-05.jpg\" class=\"attachment-full size-full wp-post-image\" alt=\"R\u00e9sidence Parc des Cr\u00eats supervis\u00e9 par Capvest \u00e0 Troinex\" srcset=\"https:\/\/capvest.ch\/wp-content\/uploads\/2026\/03\/capvest-parc-des-crets-troinex-05-200x148.jpg 200w, https:\/\/capvest.ch\/wp-content\/uploads\/2026\/03\/capvest-parc-des-crets-troinex-05-400x297.jpg 400w, https:\/\/capvest.ch\/wp-content\/uploads\/2026\/03\/capvest-parc-des-crets-troinex-05-600x445.jpg 600w, https:\/\/capvest.ch\/wp-content\/uploads\/2026\/03\/capvest-parc-des-crets-troinex-05-800x593.jpg 800w, https:\/\/capvest.ch\/wp-content\/uploads\/2026\/03\/capvest-parc-des-crets-troinex-05.jpg 920w\" sizes=\"(min-width: 2200px) 100vw, (min-width: 784px) 373px, (min-width: 712px) 560px, (min-width: 640px) 712px, \" \/>\t\t\t<\/a>\n\t\t\t\t\t\t\t<\/div>\n<\/li>\n\t\t\t\n\t\t\t\n\t\t\t\t\t\t\t\t\t\t\t\t\t\t\t\t\t\t\t\t\t\t\t\t\t\t\t\t\t\t\t\t\t\t\t\t\t\t\t\t\t\t\t\t\t\t\t\t\t\t\t\t\t\t\t\t\t\t\t\t\t\t\t\t\t\t\t\t<\/ul>\n\t<\/div>\n\t<div class=\"fusion-post-content-wrapper\" style=\"padding:20px 0px 0px 0px;\"><div class=\"fusion-post-content post-content\"><h2 class=\"blog-shortcode-post-title entry-title\"><a href=\"https:\/\/capvest.ch\/en\/three-capvest-project-managers-obtain-immoenergie-certification\/\">Three Capvest Project Managers Obtain Immo\u00e9nergie Certification<\/a><\/h2><p class=\"fusion-single-line-meta\"><span class=\"vcard\" style=\"display: none;\"><span class=\"fn\"><a href=\"https:\/\/capvest.ch\/en\/author\/habefast\/\" title=\"Posts by habefast\" rel=\"author\">habefast<\/a><\/span><\/span><span class=\"updated\" style=\"display:none;\">2026-03-24T11:02:13+01:00<\/span><span>24 March 2026<\/span><span class=\"fusion-inline-sep\">|<\/span><\/p><\/div><\/div><div class=\"fusion-clearfix\"><\/div><\/div>\n<\/article>\n<article id=\"blog-1-post-45331\" class=\"fusion-post-grid post-45331 post type-post status-publish format-standard has-post-thumbnail hentry category-non-classe-en\">\n<div class=\"fusion-post-wrapper\" style=\"background-color:rgba(255,255,255,0);border:1px solid #f2f3f5;border-bottom-width:3px;\">\n\n\t\t\t<div class=\"fusion-flexslider flexslider fusion-flexslider-loading fusion-post-slideshow\" style=\"border-color:#f2f3f5;\">\n\t\t<ul class=\"slides\">\n\t\t\t\n\t\t\t\t\t\t\t\t\t\t\t\t\t\t<li><div  class=\"fusion-image-wrapper\" aria-haspopup=\"true\">\n\t\t\t\t\t\t\t<a href=\"https:\/\/capvest.ch\/en\/grasshopper-club-zurich-womens-curling-team-crowned-swiss-champions-2026\/\" aria-label=\"Grasshopper Club Zurich women&#8217;s curling team crowned Swiss Champions 2026\">\n\t\t\t\t\t\t\t<img decoding=\"async\" width=\"480\" height=\"640\" src=\"https:\/\/capvest.ch\/wp-content\/uploads\/2026\/03\/equipe-feminine-curling-grasshopper-championne-suisse-2026.jpg\" class=\"attachment-full size-full wp-post-image\" alt=\"Equipe f\u00e9minine de curling sponsoris\u00e9e par Capvest remporte le titre de Championne de suisse 2026 au Grasshopper Club Zurich\" srcset=\"https:\/\/capvest.ch\/wp-content\/uploads\/2026\/03\/equipe-feminine-curling-grasshopper-championne-suisse-2026-200x267.jpg 200w, https:\/\/capvest.ch\/wp-content\/uploads\/2026\/03\/equipe-feminine-curling-grasshopper-championne-suisse-2026-400x533.jpg 400w, https:\/\/capvest.ch\/wp-content\/uploads\/2026\/03\/equipe-feminine-curling-grasshopper-championne-suisse-2026.jpg 480w\" sizes=\"(min-width: 2200px) 100vw, (min-width: 784px) 373px, (min-width: 712px) 560px, (min-width: 640px) 712px, \" \/>\t\t\t<\/a>\n\t\t\t\t\t\t\t<\/div>\n<\/li>\n\t\t\t\n\t\t\t\n\t\t\t\t\t\t\t\t\t\t\t\t\t\t\t\t\t\t\t\t\t\t\t\t\t\t\t\t\t\t\t\t\t\t\t\t\t\t\t\t\t\t\t\t\t\t\t\t\t\t\t\t\t\t\t\t\t\t\t\t\t\t\t\t\t\t\t\t<\/ul>\n\t<\/div>\n\t<div class=\"fusion-post-content-wrapper\" style=\"padding:20px 0px 0px 0px;\"><div class=\"fusion-post-content post-content\"><h2 class=\"blog-shortcode-post-title entry-title\"><a href=\"https:\/\/capvest.ch\/en\/grasshopper-club-zurich-womens-curling-team-crowned-swiss-champions-2026\/\">Grasshopper Club Zurich women&#8217;s curling team crowned Swiss Champions 2026<\/a><\/h2><p class=\"fusion-single-line-meta\"><span class=\"vcard\" style=\"display: none;\"><span class=\"fn\"><a href=\"https:\/\/capvest.ch\/en\/author\/habefast\/\" title=\"Posts by habefast\" rel=\"author\">habefast<\/a><\/span><\/span><span class=\"updated\" style=\"display:none;\">2026-03-10T10:21:47+01:00<\/span><span>10 March 2026<\/span><span class=\"fusion-inline-sep\">|<\/span><\/p><\/div><\/div><div class=\"fusion-clearfix\"><\/div><\/div>\n<\/article>\n<article id=\"blog-1-post-45275\" class=\"fusion-post-grid post-45275 post type-post status-publish format-standard has-post-thumbnail hentry category-non-classe-en\">\n<div class=\"fusion-post-wrapper\" style=\"background-color:rgba(255,255,255,0);border:1px solid #f2f3f5;border-bottom-width:3px;\">\n\n\t\t\t<div class=\"fusion-flexslider flexslider fusion-flexslider-loading fusion-post-slideshow\" style=\"border-color:#f2f3f5;\">\n\t\t<ul class=\"slides\">\n\t\t\t\n\t\t\t\t\t\t\t\t\t\t\t\t\t\t<li><div  class=\"fusion-image-wrapper\" aria-haspopup=\"true\">\n\t\t\t\t\t\t\t<a href=\"https:\/\/capvest.ch\/en\/le-chene-dehden-in-conches-structural-work-completed-on-the-villas\/\" aria-label=\"Le Ch\u00eane d&#8217;Ehden in Conches: Structural work completed on the villas\">\n\t\t\t\t\t\t\t<img decoding=\"async\" width=\"800\" height=\"600\" src=\"https:\/\/capvest.ch\/wp-content\/uploads\/2026\/02\/villas-standing-conches-gros-oeuvre-1.jpg\" class=\"attachment-full size-full wp-post-image\" alt=\"Ext\u00e9rieur d&#039;une villa en fin de construction \u00e0 Conches\" srcset=\"https:\/\/capvest.ch\/wp-content\/uploads\/2026\/02\/villas-standing-conches-gros-oeuvre-1-200x150.jpg 200w, https:\/\/capvest.ch\/wp-content\/uploads\/2026\/02\/villas-standing-conches-gros-oeuvre-1-400x300.jpg 400w, https:\/\/capvest.ch\/wp-content\/uploads\/2026\/02\/villas-standing-conches-gros-oeuvre-1-600x450.jpg 600w, https:\/\/capvest.ch\/wp-content\/uploads\/2026\/02\/villas-standing-conches-gros-oeuvre-1.jpg 800w\" sizes=\"(min-width: 2200px) 100vw, (min-width: 784px) 373px, (min-width: 712px) 560px, (min-width: 640px) 712px, \" \/>\t\t\t<\/a>\n\t\t\t\t\t\t\t<\/div>\n<\/li>\n\t\t\t\n\t\t\t\n\t\t\t\t\t\t\t\t\t\t\t\t\t\t\t\t\t\t\t\t\t\t\t\t\t\t\t\t\t\t\t\t\t\t\t\t\t\t\t\t\t\t\t\t\t\t\t\t\t\t\t\t\t\t\t\t\t\t\t\t\t\t\t\t\t\t\t\t<\/ul>\n\t<\/div>\n\t<div class=\"fusion-post-content-wrapper\" style=\"padding:20px 0px 0px 0px;\"><div class=\"fusion-post-content post-content\"><h2 class=\"blog-shortcode-post-title entry-title\"><a href=\"https:\/\/capvest.ch\/en\/le-chene-dehden-in-conches-structural-work-completed-on-the-villas\/\">Le Ch\u00eane d&#8217;Ehden in Conches: Structural work completed on the villas<\/a><\/h2><p class=\"fusion-single-line-meta\"><span class=\"vcard\" style=\"display: none;\"><span class=\"fn\"><a href=\"https:\/\/capvest.ch\/en\/author\/habefast\/\" title=\"Posts by habefast\" rel=\"author\">habefast<\/a><\/span><\/span><span class=\"updated\" style=\"display:none;\">2026-02-17T10:54:33+01:00<\/span><span>11 February 2026<\/span><span class=\"fusion-inline-sep\">|<\/span><\/p><\/div><\/div><div class=\"fusion-clearfix\"><\/div><\/div>\n<\/article>\n<article id=\"blog-1-post-45241\" class=\"fusion-post-grid post-45241 post type-post status-publish format-standard has-post-thumbnail hentry category-non-classe-en\">\n<div class=\"fusion-post-wrapper\" style=\"background-color:rgba(255,255,255,0);border:1px solid #f2f3f5;border-bottom-width:3px;\">\n\n\t\t\t<div class=\"fusion-flexslider flexslider fusion-flexslider-loading fusion-post-slideshow\" style=\"border-color:#f2f3f5;\">\n\t\t<ul class=\"slides\">\n\t\t\t\n\t\t\t\t\t\t\t\t\t\t\t\t\t\t<li><div  class=\"fusion-image-wrapper\" aria-haspopup=\"true\">\n\t\t\t\t\t\t\t<a href=\"https:\/\/capvest.ch\/en\/capvest-at-the-immo26-trade-fair-in-zurich\/\" aria-label=\"Capvest at the IMMO26 Trade Fair in Zurich\">\n\t\t\t\t\t\t\t<img decoding=\"async\" width=\"800\" height=\"494\" src=\"https:\/\/capvest.ch\/wp-content\/uploads\/2026\/01\/capvest-salon-immo-26-zurich.jpg\" class=\"attachment-full size-full wp-post-image\" alt=\"Salon remplis de personne avec \u00e9crit : IMMO26, \u00e0 Z\u00fcrich\" srcset=\"https:\/\/capvest.ch\/wp-content\/uploads\/2026\/01\/capvest-salon-immo-26-zurich-200x124.jpg 200w, https:\/\/capvest.ch\/wp-content\/uploads\/2026\/01\/capvest-salon-immo-26-zurich-400x247.jpg 400w, https:\/\/capvest.ch\/wp-content\/uploads\/2026\/01\/capvest-salon-immo-26-zurich-600x371.jpg 600w, https:\/\/capvest.ch\/wp-content\/uploads\/2026\/01\/capvest-salon-immo-26-zurich.jpg 800w\" sizes=\"(min-width: 2200px) 100vw, (min-width: 784px) 373px, (min-width: 712px) 560px, (min-width: 640px) 712px, \" \/>\t\t\t<\/a>\n\t\t\t\t\t\t\t<\/div>\n<\/li>\n\t\t\t\n\t\t\t\n\t\t\t\t\t\t\t\t\t\t\t\t\t\t\t\t\t\t\t\t\t\t\t\t\t\t\t\t\t\t\t\t\t\t\t\t\t\t\t\t\t\t\t\t\t\t\t\t\t\t\t\t\t\t\t\t\t\t\t\t\t\t\t\t\t\t\t\t<\/ul>\n\t<\/div>\n\t<div class=\"fusion-post-content-wrapper\" style=\"padding:20px 0px 0px 0px;\"><div class=\"fusion-post-content post-content\"><h2 class=\"blog-shortcode-post-title entry-title\"><a href=\"https:\/\/capvest.ch\/en\/capvest-at-the-immo26-trade-fair-in-zurich\/\">Capvest at the IMMO26 Trade Fair in Zurich<\/a><\/h2><p class=\"fusion-single-line-meta\"><span class=\"vcard\" style=\"display: none;\"><span class=\"fn\"><a href=\"https:\/\/capvest.ch\/en\/author\/habefast\/\" title=\"Posts by habefast\" rel=\"author\">habefast<\/a><\/span><\/span><span class=\"updated\" style=\"display:none;\">2026-01-30T09:43:04+01:00<\/span><span>30 January 2026<\/span><span class=\"fusion-inline-sep\">|<\/span><\/p><\/div><\/div><div class=\"fusion-clearfix\"><\/div><\/div>\n<\/article>\n<article id=\"blog-1-post-45220\" class=\"fusion-post-grid post-45220 post type-post status-publish format-standard has-post-thumbnail hentry category-non-classe-en\">\n<div class=\"fusion-post-wrapper\" style=\"background-color:rgba(255,255,255,0);border:1px solid #f2f3f5;border-bottom-width:3px;\">\n\n\t\t\t<div class=\"fusion-flexslider flexslider fusion-flexslider-loading fusion-post-slideshow\" style=\"border-color:#f2f3f5;\">\n\t\t<ul class=\"slides\">\n\t\t\t\n\t\t\t\t\t\t\t\t\t\t\t\t\t\t<li><div  class=\"fusion-image-wrapper\" aria-haspopup=\"true\">\n\t\t\t\t\t\t\t<a href=\"https:\/\/capvest.ch\/en\/swiss-and-geneva-real-estate-trends-and-outlook-2026\/\" aria-label=\"Swiss and Geneva Real Estate: Trends and Outlook 2026\">\n\t\t\t\t\t\t\t<img decoding=\"async\" width=\"1254\" height=\"836\" src=\"https:\/\/capvest.ch\/wp-content\/uploads\/2026\/01\/immobilier-suisse-tendances-perspectives-2026.jpg\" class=\"attachment-full size-full wp-post-image\" alt=\"Vue de soir sur Gen\u00e8ve illumin\u00e9e avec ses nombreux b\u00e2timents, le jet d&#039;eau et le lac L\u00e9man\" srcset=\"https:\/\/capvest.ch\/wp-content\/uploads\/2026\/01\/immobilier-suisse-tendances-perspectives-2026-200x133.jpg 200w, https:\/\/capvest.ch\/wp-content\/uploads\/2026\/01\/immobilier-suisse-tendances-perspectives-2026-400x267.jpg 400w, https:\/\/capvest.ch\/wp-content\/uploads\/2026\/01\/immobilier-suisse-tendances-perspectives-2026-600x400.jpg 600w, https:\/\/capvest.ch\/wp-content\/uploads\/2026\/01\/immobilier-suisse-tendances-perspectives-2026-800x533.jpg 800w, https:\/\/capvest.ch\/wp-content\/uploads\/2026\/01\/immobilier-suisse-tendances-perspectives-2026-1200x800.jpg 1200w, https:\/\/capvest.ch\/wp-content\/uploads\/2026\/01\/immobilier-suisse-tendances-perspectives-2026.jpg 1254w\" sizes=\"(min-width: 2200px) 100vw, (min-width: 784px) 373px, (min-width: 712px) 560px, (min-width: 640px) 712px, \" \/>\t\t\t<\/a>\n\t\t\t\t\t\t\t<\/div>\n<\/li>\n\t\t\t\n\t\t\t\n\t\t\t\t\t\t\t\t\t\t\t\t\t\t\t\t\t\t\t\t\t\t\t\t\t\t\t\t\t\t\t\t\t\t\t\t\t\t\t\t\t\t\t\t\t\t\t\t\t\t\t\t\t\t\t\t\t\t\t\t\t\t\t\t\t\t\t\t<\/ul>\n\t<\/div>\n\t<div class=\"fusion-post-content-wrapper\" style=\"padding:20px 0px 0px 0px;\"><div class=\"fusion-post-content post-content\"><h2 class=\"blog-shortcode-post-title entry-title\"><a href=\"https:\/\/capvest.ch\/en\/swiss-and-geneva-real-estate-trends-and-outlook-2026\/\">Swiss and Geneva Real Estate: Trends and Outlook 2026<\/a><\/h2><p class=\"fusion-single-line-meta\"><span class=\"vcard\" style=\"display: none;\"><span class=\"fn\"><a href=\"https:\/\/capvest.ch\/en\/author\/habefast\/\" title=\"Posts by habefast\" rel=\"author\">habefast<\/a><\/span><\/span><span class=\"updated\" style=\"display:none;\">2026-01-23T10:16:59+01:00<\/span><span>23 January 2026<\/span><span class=\"fusion-inline-sep\">|<\/span><\/p><\/div><\/div><div class=\"fusion-clearfix\"><\/div><\/div>\n<\/article>\n<article id=\"blog-1-post-45074\" class=\"fusion-post-grid post-45074 post type-post status-publish format-standard has-post-thumbnail hentry category-non-classe-en\">\n<div class=\"fusion-post-wrapper\" style=\"background-color:rgba(255,255,255,0);border:1px solid #f2f3f5;border-bottom-width:3px;\">\n\n\t\t\t<div class=\"fusion-flexslider flexslider fusion-flexslider-loading fusion-post-slideshow\" style=\"border-color:#f2f3f5;\">\n\t\t<ul class=\"slides\">\n\t\t\t\n\t\t\t\t\t\t\t\t\t\t\t\t\t\t<li><div  class=\"fusion-image-wrapper\" aria-haspopup=\"true\">\n\t\t\t\t\t\t\t<a href=\"https:\/\/capvest.ch\/en\/best-wishes-2026\/\" aria-label=\"Best wishes 2026\">\n\t\t\t\t\t\t\t<img decoding=\"async\" width=\"1200\" height=\"566\" src=\"https:\/\/capvest.ch\/wp-content\/uploads\/2025\/12\/capvest-carte-voeux-2025.jpg\" class=\"attachment-full size-full wp-post-image\" alt=\"&#039;&#039;\" srcset=\"https:\/\/capvest.ch\/wp-content\/uploads\/2025\/12\/capvest-carte-voeux-2025-200x94.jpg 200w, https:\/\/capvest.ch\/wp-content\/uploads\/2025\/12\/capvest-carte-voeux-2025-400x189.jpg 400w, https:\/\/capvest.ch\/wp-content\/uploads\/2025\/12\/capvest-carte-voeux-2025-600x283.jpg 600w, https:\/\/capvest.ch\/wp-content\/uploads\/2025\/12\/capvest-carte-voeux-2025-800x377.jpg 800w, https:\/\/capvest.ch\/wp-content\/uploads\/2025\/12\/capvest-carte-voeux-2025.jpg 1200w\" sizes=\"(min-width: 2200px) 100vw, (min-width: 784px) 373px, (min-width: 712px) 560px, (min-width: 640px) 712px, \" \/>\t\t\t<\/a>\n\t\t\t\t\t\t\t<\/div>\n<\/li>\n\t\t\t\n\t\t\t\n\t\t\t\t\t\t\t\t\t\t\t\t\t\t\t\t\t\t\t\t\t\t\t\t\t\t\t\t\t\t\t\t\t\t\t\t\t\t\t\t\t\t\t\t\t\t\t\t\t\t\t\t\t\t\t\t\t\t\t\t\t\t\t\t\t\t\t\t<\/ul>\n\t<\/div>\n\t<div class=\"fusion-post-content-wrapper\" style=\"padding:20px 0px 0px 0px;\"><div class=\"fusion-post-content post-content\"><h2 class=\"blog-shortcode-post-title entry-title\"><a href=\"https:\/\/capvest.ch\/en\/best-wishes-2026\/\">Best wishes 2026<\/a><\/h2><p class=\"fusion-single-line-meta\"><span class=\"vcard\" style=\"display: none;\"><span class=\"fn\"><a href=\"https:\/\/capvest.ch\/en\/author\/habefast\/\" title=\"Posts by habefast\" rel=\"author\">habefast<\/a><\/span><\/span><span class=\"updated\" style=\"display:none;\">2026-01-01T00:09:38+01:00<\/span><span>1 January 2026<\/span><span class=\"fusion-inline-sep\">|<\/span><\/p><\/div><\/div><div class=\"fusion-clearfix\"><\/div><\/div>\n<\/article>\n<div class=\"fusion-clearfix\"><\/div><\/div><div class=\"fusion-infinite-scroll-trigger\"><\/div><div class=\"pagination infinite-scroll clearfix\" style=\"display:none;\"><span class=\"current\">1<\/span><a href=\"https:\/\/capvest.ch\/en\/wp-json\/wp\/v2\/pages\/30998\/page\/2\/\" class=\"inactive\">2<\/a><a class=\"pagination-next\" rel=\"next\" href=\"https:\/\/capvest.ch\/en\/wp-json\/wp\/v2\/pages\/30998\/page\/2\/\"><span class=\"page-text\">Next<\/span><span class=\"page-next\"><\/span><\/a><\/div><div class=\"fusion-clearfix\"><\/div><\/div><\/div><\/div><\/div><\/div>\n","protected":false},"excerpt":{"rendered":"","protected":false},"author":2,"featured_media":0,"parent":0,"menu_order":0,"comment_status":"closed","ping_status":"closed","template":"100-width.php","meta":{"_acf_changed":false,"footnotes":""},"class_list":["post-30998","page","type-page","status-publish","hentry"],"acf":[],"yoast_head":"<!-- This site is optimized with the Yoast SEO plugin v27.1.1 - https:\/\/yoast.com\/product\/yoast-seo-wordpress\/ -->\n<title>Real estate news, new real estate project | Capvest<\/title>\n<meta name=\"description\" content=\"Discover all the Capvest real estate news on our blog. Find all the information on the real estate market in Switzerland and abroad.\" \/>\n<meta name=\"robots\" content=\"index, follow, max-snippet:-1, max-image-preview:large, max-video-preview:-1\" \/>\n<link rel=\"canonical\" href=\"https:\/\/capvest.ch\/en\/news\/\" \/>\n<meta property=\"og:locale\" content=\"en_US\" \/>\n<meta property=\"og:type\" content=\"article\" \/>\n<meta property=\"og:title\" content=\"Real estate news, new real estate project | Capvest\" \/>\n<meta property=\"og:description\" content=\"Discover all the Capvest real estate news on our blog. Find all the information on the real estate market in Switzerland and abroad.\" \/>\n<meta property=\"og:url\" content=\"https:\/\/capvest.ch\/en\/news\/\" \/>\n<meta property=\"og:site_name\" content=\"Capvest Advisors SA\" \/>\n<meta property=\"article:modified_time\" content=\"2023-01-12T09:01:58+00:00\" \/>\n<meta name=\"twitter:card\" content=\"summary_large_image\" \/>\n<meta name=\"twitter:site\" content=\"@Capvest_SA\" \/>\n<meta name=\"twitter:label1\" content=\"Est. reading time\" \/>\n\t<meta name=\"twitter:data1\" content=\"3 minutes\" \/>\n<script type=\"application\/ld+json\" class=\"yoast-schema-graph\">{\"@context\":\"https:\/\/schema.org\",\"@graph\":[{\"@type\":\"WebPage\",\"@id\":\"https:\/\/capvest.ch\/en\/news\/\",\"url\":\"https:\/\/capvest.ch\/en\/news\/\",\"name\":\"Real estate news, new real estate project | Capvest\",\"isPartOf\":{\"@id\":\"https:\/\/capvest.ch\/en\/#website\"},\"datePublished\":\"2020-10-20T13:08:28+00:00\",\"dateModified\":\"2023-01-12T09:01:58+00:00\",\"description\":\"Discover all the Capvest real estate news on our blog. Find all the information on the real estate market in Switzerland and abroad.\",\"breadcrumb\":{\"@id\":\"https:\/\/capvest.ch\/en\/news\/#breadcrumb\"},\"inLanguage\":\"en-US\",\"potentialAction\":[{\"@type\":\"ReadAction\",\"target\":[\"https:\/\/capvest.ch\/en\/news\/\"]}]},{\"@type\":\"BreadcrumbList\",\"@id\":\"https:\/\/capvest.ch\/en\/news\/#breadcrumb\",\"itemListElement\":[{\"@type\":\"ListItem\",\"position\":1,\"name\":\"Accueil\",\"item\":\"https:\/\/capvest.ch\/en\/\"},{\"@type\":\"ListItem\",\"position\":2,\"name\":\"News\"}]},{\"@type\":\"WebSite\",\"@id\":\"https:\/\/capvest.ch\/en\/#website\",\"url\":\"https:\/\/capvest.ch\/en\/\",\"name\":\"Capvest Advisors SA\",\"description\":\"\",\"publisher\":{\"@id\":\"https:\/\/capvest.ch\/en\/#organization\"},\"potentialAction\":[{\"@type\":\"SearchAction\",\"target\":{\"@type\":\"EntryPoint\",\"urlTemplate\":\"https:\/\/capvest.ch\/en\/?s={search_term_string}\"},\"query-input\":{\"@type\":\"PropertyValueSpecification\",\"valueRequired\":true,\"valueName\":\"search_term_string\"}}],\"inLanguage\":\"en-US\"},{\"@type\":\"Organization\",\"@id\":\"https:\/\/capvest.ch\/en\/#organization\",\"name\":\"Capvest Advisors SA\",\"url\":\"https:\/\/capvest.ch\/en\/\",\"logo\":{\"@type\":\"ImageObject\",\"inLanguage\":\"en-US\",\"@id\":\"https:\/\/capvest.ch\/en\/#\/schema\/logo\/image\/\",\"url\":\"https:\/\/capvest.ch\/wp-content\/uploads\/2020\/11\/favicon-capvest-144.png\",\"contentUrl\":\"https:\/\/capvest.ch\/wp-content\/uploads\/2020\/11\/favicon-capvest-144.png\",\"width\":144,\"height\":144,\"caption\":\"Capvest Advisors SA\"},\"image\":{\"@id\":\"https:\/\/capvest.ch\/en\/#\/schema\/logo\/image\/\"},\"sameAs\":[\"https:\/\/x.com\/Capvest_SA\",\"https:\/\/www.instagram.com\/groupe_capvest\/\",\"https:\/\/www.linkedin.com\/company\/11197630\/\"]}]}<\/script>\n<!-- \/ Yoast SEO plugin. -->","yoast_head_json":{"title":"Real estate news, new real estate project | Capvest","description":"Discover all the Capvest real estate news on our blog. Find all the information on the real estate market in Switzerland and abroad.","robots":{"index":"index","follow":"follow","max-snippet":"max-snippet:-1","max-image-preview":"max-image-preview:large","max-video-preview":"max-video-preview:-1"},"canonical":"https:\/\/capvest.ch\/en\/news\/","og_locale":"en_US","og_type":"article","og_title":"Real estate news, new real estate project | Capvest","og_description":"Discover all the Capvest real estate news on our blog. Find all the information on the real estate market in Switzerland and abroad.","og_url":"https:\/\/capvest.ch\/en\/news\/","og_site_name":"Capvest Advisors SA","article_modified_time":"2023-01-12T09:01:58+00:00","twitter_card":"summary_large_image","twitter_site":"@Capvest_SA","twitter_misc":{"Est. reading time":"3 minutes"},"schema":{"@context":"https:\/\/schema.org","@graph":[{"@type":"WebPage","@id":"https:\/\/capvest.ch\/en\/news\/","url":"https:\/\/capvest.ch\/en\/news\/","name":"Real estate news, new real estate project | Capvest","isPartOf":{"@id":"https:\/\/capvest.ch\/en\/#website"},"datePublished":"2020-10-20T13:08:28+00:00","dateModified":"2023-01-12T09:01:58+00:00","description":"Discover all the Capvest real estate news on our blog. Find all the information on the real estate market in Switzerland and abroad.","breadcrumb":{"@id":"https:\/\/capvest.ch\/en\/news\/#breadcrumb"},"inLanguage":"en-US","potentialAction":[{"@type":"ReadAction","target":["https:\/\/capvest.ch\/en\/news\/"]}]},{"@type":"BreadcrumbList","@id":"https:\/\/capvest.ch\/en\/news\/#breadcrumb","itemListElement":[{"@type":"ListItem","position":1,"name":"Accueil","item":"https:\/\/capvest.ch\/en\/"},{"@type":"ListItem","position":2,"name":"News"}]},{"@type":"WebSite","@id":"https:\/\/capvest.ch\/en\/#website","url":"https:\/\/capvest.ch\/en\/","name":"Capvest Advisors SA","description":"","publisher":{"@id":"https:\/\/capvest.ch\/en\/#organization"},"potentialAction":[{"@type":"SearchAction","target":{"@type":"EntryPoint","urlTemplate":"https:\/\/capvest.ch\/en\/?s={search_term_string}"},"query-input":{"@type":"PropertyValueSpecification","valueRequired":true,"valueName":"search_term_string"}}],"inLanguage":"en-US"},{"@type":"Organization","@id":"https:\/\/capvest.ch\/en\/#organization","name":"Capvest Advisors SA","url":"https:\/\/capvest.ch\/en\/","logo":{"@type":"ImageObject","inLanguage":"en-US","@id":"https:\/\/capvest.ch\/en\/#\/schema\/logo\/image\/","url":"https:\/\/capvest.ch\/wp-content\/uploads\/2020\/11\/favicon-capvest-144.png","contentUrl":"https:\/\/capvest.ch\/wp-content\/uploads\/2020\/11\/favicon-capvest-144.png","width":144,"height":144,"caption":"Capvest Advisors SA"},"image":{"@id":"https:\/\/capvest.ch\/en\/#\/schema\/logo\/image\/"},"sameAs":["https:\/\/x.com\/Capvest_SA","https:\/\/www.instagram.com\/groupe_capvest\/","https:\/\/www.linkedin.com\/company\/11197630\/"]}]}},"_links":{"self":[{"href":"https:\/\/capvest.ch\/en\/wp-json\/wp\/v2\/pages\/30998","targetHints":{"allow":["GET"]}}],"collection":[{"href":"https:\/\/capvest.ch\/en\/wp-json\/wp\/v2\/pages"}],"about":[{"href":"https:\/\/capvest.ch\/en\/wp-json\/wp\/v2\/types\/page"}],"author":[{"embeddable":true,"href":"https:\/\/capvest.ch\/en\/wp-json\/wp\/v2\/users\/2"}],"replies":[{"embeddable":true,"href":"https:\/\/capvest.ch\/en\/wp-json\/wp\/v2\/comments?post=30998"}],"version-history":[{"count":10,"href":"https:\/\/capvest.ch\/en\/wp-json\/wp\/v2\/pages\/30998\/revisions"}],"predecessor-version":[{"id":37727,"href":"https:\/\/capvest.ch\/en\/wp-json\/wp\/v2\/pages\/30998\/revisions\/37727"}],"wp:attachment":[{"href":"https:\/\/capvest.ch\/en\/wp-json\/wp\/v2\/media?parent=30998"}],"curies":[{"name":"wp","href":"https:\/\/api.w.org\/{rel}","templated":true}]}}